{"id":163,"date":"2013-01-09T21:38:51","date_gmt":"2013-01-09T20:38:51","guid":{"rendered":"http:\/\/halldesigner.de\/wp\/?page_id=163"},"modified":"2013-02-15T19:56:40","modified_gmt":"2013-02-15T18:56:40","slug":"gerald-kramer","status":"publish","type":"page","link":"https:\/\/kraemer-agrarconsulting.de\/beratung\/gerald-kramer\/","title":{"rendered":"Gerald Kr\u00e4mer"},"content":{"rendered":"<div class=\"one_third\">\n<h3>Gerald Kr\u00e4mer<\/h3>\n<p>&gt; Marktanalyse<br \/>\n&gt; Investmentberatung<br \/>\n&gt; Projektsteuerung<br \/>\n&gt; Management\n<\/p><\/div>\n<div class=\"two_thirds last\">\n<a href=\"https:\/\/kraemer-agrarconsulting.de\/beratung\/wp-content\/uploads\/2013\/01\/gerald.jpg\" rel=\"prettyPhoto[163]\"><img decoding=\"async\" loading=\"lazy\" class=\"alignleft size-thumbnail wp-image-167\" style=\"margin-top: 5px; margin-bottom: 5px;\" alt=\"gerald\" src=\"https:\/\/kraemer-agrarconsulting.de\/beratung\/wp-content\/uploads\/2013\/01\/gerald-120x120.jpg\" width=\"120\" height=\"120\" srcset=\"https:\/\/kraemer-agrarconsulting.de\/beratung\/wp-content\/uploads\/2013\/01\/gerald-120x120.jpg 120w, https:\/\/kraemer-agrarconsulting.de\/beratung\/wp-content\/uploads\/2013\/01\/gerald-300x300.jpg 300w, https:\/\/kraemer-agrarconsulting.de\/beratung\/wp-content\/uploads\/2013\/01\/gerald-700x700.jpg 700w, https:\/\/kraemer-agrarconsulting.de\/beratung\/wp-content\/uploads\/2013\/01\/gerald.jpg 1642w\" sizes=\"(max-width: 120px) 100vw, 120px\" \/><\/a><\/p>\n<div>Ich bin in einer Gegend aufgewachsen, in der die Landwirtschaft gro\u00dfe Bedeutung hat. Deshalb entwickelte ich schon fr\u00fch Interesse f\u00fcr Argrarthemen. Gleichzeitig hatte ich in der Firma meiner Gro\u00dfeltern Einblick in unternehmerische Arbeit. Mein Studium an der Martin-Luther-Universit\u00e4t Halle-Wittenberg schloss ich als Diplom-Ingenieur mit Spezialisierung auf den Landbau ab.<br \/>\nIm Rahmen eines Traineeprogramms bin ich bei der Nordzucker AG in Braunschweig und bei der G\u00fcterverwaltung Rothenacker bei Schleiz t\u00e4tig gewesen. W\u00e4hrend meiner anschlie\u00dfenden Arbeit als Betreuer f\u00fcr Firmenkunden aus der Landwirtschaft bei der Deutschen Kreditbank AG, Niederlassung Magdeburg habe ich vielf\u00e4ltige Erfahrungen in der Finanzbranche gesammelt.\u00a0Ich bin in Sachsen-Anhalt als Berater f\u00fcr landwirtschaftliche und gartenbauliche Betriebe anerkannt, so dass Landwirte die Beratungsf\u00f6rderung des Landes nutzen k\u00f6nnen.<\/div>\n<p><a title=\"B\u00fcro Halle\" href=\"https:\/\/kraemer-agrarconsulting.de\/beratung\/standort-halle\/\">Mail-Formular<\/a>\n<\/div>\n<div class=\"clear\"><\/div>\n","protected":false},"excerpt":{"rendered":"","protected":false},"author":3,"featured_media":0,"parent":0,"menu_order":0,"comment_status":"closed","ping_status":"open","template":"page-designer-content.php","meta":[],"_links":{"self":[{"href":"https:\/\/kraemer-agrarconsulting.de\/beratung\/wp-json\/wp\/v2\/pages\/163"}],"collection":[{"href":"https:\/\/kraemer-agrarconsulting.de\/beratung\/wp-json\/wp\/v2\/pages"}],"about":[{"href":"https:\/\/kraemer-agrarconsulting.de\/beratung\/wp-json\/wp\/v2\/types\/page"}],"author":[{"embeddable":true,"href":"https:\/\/kraemer-agrarconsulting.de\/beratung\/wp-json\/wp\/v2\/users\/3"}],"replies":[{"embeddable":true,"href":"https:\/\/kraemer-agrarconsulting.de\/beratung\/wp-json\/wp\/v2\/comments?post=163"}],"version-history":[{"count":18,"href":"https:\/\/kraemer-agrarconsulting.de\/beratung\/wp-json\/wp\/v2\/pages\/163\/revisions"}],"predecessor-version":[{"id":195,"href":"https:\/\/kraemer-agrarconsulting.de\/beratung\/wp-json\/wp\/v2\/pages\/163\/revisions\/195"}],"wp:attachment":[{"href":"https:\/\/kraemer-agrarconsulting.de\/beratung\/wp-json\/wp\/v2\/media?parent=163"}],"curies":[{"name":"wp","href":"https:\/\/api.w.org\/{rel}","templated":true}]}}