{"id":294,"date":"2013-01-17T14:31:27","date_gmt":"2013-01-17T13:31:27","guid":{"rendered":"http:\/\/halldesigner.de\/wp\/?page_id=294"},"modified":"2024-11-21T19:52:46","modified_gmt":"2024-11-21T18:52:46","slug":"standort-westniedersachsen","status":"publish","type":"page","link":"https:\/\/kraemer-agrarconsulting.de\/beratung\/standort-westniedersachsen\/","title":{"rendered":"B\u00fcro S\u00fcdhannover"},"content":{"rendered":"<h3><strong>B\u00fcro S\u00fcdhannover<\/strong><\/h3>\n<div class=\"one_half\">\n<div id=\"mapp0\" class='mapp-layout mapp-inline mapp-align-center' style='width: 425px' >\n<div class='mapp-wrapper' style='height: 350px;' >\n<div class='mapp-main'>\n<div class=\"mapp-canvas\"><\/div>\n<div class=\"mapp-dialog\"><span class=\"mapp-spinner\"><\/span>Loading<\/div>\n<div class='mapp-controls'>\n<div data-mapp-position=\"TOP_LEFT\" class='gmnoprint mapp-menu-toggle' data-mapp-action='menu-toggle' title='Menu'><\/div>\n<div data-mapp-position=\"TOP_LEFT\" class='gmnoprint mapp-menu'>\n<div class='mapp-menu-item' data-mapp-action='center'>Karte zentrieren<\/div>\n<div class='mapp-menu-separator'><\/div>\n<div class='mapp-menu-item' data-mapp-action='layer' data-mapp-layer='traffic'>Verkehr<\/div>\n<div class='mapp-menu-item' data-mapp-action='layer' data-mapp-layer='bicycling'>per Fahrrad<\/div>\n<div class='mapp-menu-item' data-mapp-action='layer' data-mapp-layer='transit'>Transit<\/div>\n<\/div>\n<\/div>\n<\/div>\n<\/div>\n<div class='mapp-directions'><span class='mapp-close' data-mapp-action='dir-cancel'><\/span><a href='#' class='mapp-myloc' data-mapp-action='dir-myloc'>My location<\/a><\/p>\n<div><span class='mapp-dir-a'><\/span><input class='mapp-dir-saddr' tabindex='1'\/><span data-mapp-action='dir-swap' class='mapp-dir-arrows'><\/span><\/div>\n<div><span class='mapp-dir-b'><\/span><input class='mapp-dir-daddr' tabindex='2'\/><\/div>\n<div class='mapp-dir-toolbar'><a class='mapp-dir-google' href='#' data-mapp-action='dir-google'>Google Maps<\/a><span class='mapp-button-submit' data-mapp-action='dir-get'>Routenplanung starten<\/span><span class='mapp-spinner' style='display:none'><\/span><\/div>\n<div class='mapp-dir-renderer'><\/div>\n<\/div>\n<p><!-- unknown part footer --><\/div>\n<\/div>\n<div class=\"one_half last\">\n<p><strong>Kr\u00e4mer Agrar Consulting<br \/>\n<\/strong><strong>B\u00fcro S\u00fcdhannover mobil<br \/>\n<\/strong><\/p>\n<p>M.\u00a0+49 1 79 2 55 37 51<br \/>\n(Termine nach Vereinbarung)<\/p>\n<p>Schreiben Sie uns f\u00fcr Nachrichten und Anregungen:<\/p>\n<div role=\"form\" class=\"wpcf7\" id=\"wpcf7-f279-o1\" dir=\"ltr\">\n<div class=\"screen-reader-response\"><\/div>\n<form action=\"\/beratung\/wp-json\/wp\/v2\/pages\/294#wpcf7-f279-o1\" method=\"post\" class=\"wpcf7-form\" novalidate=\"novalidate\">\n<div style=\"display: none;\">\n<input type=\"hidden\" name=\"_wpcf7\" value=\"279\" \/><br \/>\n<input type=\"hidden\" name=\"_wpcf7_version\" value=\"4.9\" \/><br \/>\n<input type=\"hidden\" name=\"_wpcf7_locale\" value=\"\" \/><br \/>\n<input type=\"hidden\" name=\"_wpcf7_unit_tag\" value=\"wpcf7-f279-o1\" \/><br \/>\n<input type=\"hidden\" name=\"_wpcf7_container_post\" value=\"0\" \/>\n<\/div>\n<p>Ihr Name (Pflichtfeld)<br \/>\n    <span class=\"wpcf7-form-control-wrap your-name\"><input type=\"text\" name=\"your-name\" value=\"\" size=\"40\" class=\"wpcf7-form-control wpcf7-text wpcf7-validates-as-required\" aria-required=\"true\" aria-invalid=\"false\" \/><\/span> <\/p>\n<p>Ihre E-Mail-Adresse (Pflichtfeld)<br \/>\n    <span class=\"wpcf7-form-control-wrap your-email\"><input type=\"email\" name=\"your-email\" value=\"\" size=\"40\" class=\"wpcf7-form-control wpcf7-text wpcf7-email wpcf7-validates-as-required wpcf7-validates-as-email\" aria-required=\"true\" aria-invalid=\"false\" \/><\/span> <\/p>\n<p>Betreff<br \/>\n    <span class=\"wpcf7-form-control-wrap your-subject\"><input type=\"text\" name=\"your-subject\" value=\"\" size=\"40\" class=\"wpcf7-form-control wpcf7-text\" aria-invalid=\"false\" \/><\/span> <\/p>\n<p>Ihre Nachricht<br \/>\n    <span class=\"wpcf7-form-control-wrap your-message\"><textarea name=\"your-message\" cols=\"40\" rows=\"10\" class=\"wpcf7-form-control wpcf7-textarea\" aria-invalid=\"false\"><\/textarea><\/span> <\/p>\n<p><input type=\"submit\" value=\"Senden\" class=\"wpcf7-form-control wpcf7-submit\" \/><\/p>\n<p style=\"display: none !important;\"><label>&#916;<textarea name=\"_wpcf7_ak_hp_textarea\" cols=\"45\" rows=\"8\" maxlength=\"100\"><\/textarea><\/label><input type=\"hidden\" id=\"ak_js_1\" name=\"_wpcf7_ak_js\" value=\"33\"\/><script>document.getElementById( \"ak_js_1\" ).setAttribute( \"value\", ( new Date() ).getTime() );<\/script><\/p>\n<div class=\"wpcf7-response-output wpcf7-display-none\"><\/div>\n<\/form>\n<\/div>\n<\/div>\n<div class=\"clear\"><\/div>\n","protected":false},"excerpt":{"rendered":"<p>B\u00fcro S\u00fcdhannover<\/p>\n","protected":false},"author":3,"featured_media":0,"parent":0,"menu_order":0,"comment_status":"closed","ping_status":"open","template":"page-designer-content.php","meta":[],"_links":{"self":[{"href":"https:\/\/kraemer-agrarconsulting.de\/beratung\/wp-json\/wp\/v2\/pages\/294"}],"collection":[{"href":"https:\/\/kraemer-agrarconsulting.de\/beratung\/wp-json\/wp\/v2\/pages"}],"about":[{"href":"https:\/\/kraemer-agrarconsulting.de\/beratung\/wp-json\/wp\/v2\/types\/page"}],"author":[{"embeddable":true,"href":"https:\/\/kraemer-agrarconsulting.de\/beratung\/wp-json\/wp\/v2\/users\/3"}],"replies":[{"embeddable":true,"href":"https:\/\/kraemer-agrarconsulting.de\/beratung\/wp-json\/wp\/v2\/comments?post=294"}],"version-history":[{"count":17,"href":"https:\/\/kraemer-agrarconsulting.de\/beratung\/wp-json\/wp\/v2\/pages\/294\/revisions"}],"predecessor-version":[{"id":686,"href":"https:\/\/kraemer-agrarconsulting.de\/beratung\/wp-json\/wp\/v2\/pages\/294\/revisions\/686"}],"wp:attachment":[{"href":"https:\/\/kraemer-agrarconsulting.de\/beratung\/wp-json\/wp\/v2\/media?parent=294"}],"curies":[{"name":"wp","href":"https:\/\/api.w.org\/{rel}","templated":true}]}}