{"id":38,"date":"2013-01-03T22:43:45","date_gmt":"2013-01-03T22:43:45","guid":{"rendered":"http:\/\/halldesigner.de\/wp\/?page_id=38"},"modified":"2013-07-20T21:50:14","modified_gmt":"2013-07-20T19:50:14","slug":"home","status":"publish","type":"page","link":"https:\/\/kraemer-agrarconsulting.de\/beratung\/","title":{"rendered":"Home"},"content":{"rendered":"<div id=\"mce_slider_full\" style=\"text-align: center;\"><img decoding=\"async\" loading=\"lazy\" class=\"alignleft size-full wp-image-435\" alt=\"Background_Header4\" src=\"https:\/\/kraemer-agrarconsulting.de\/beratung\/wp-content\/uploads\/2013\/02\/Background_Header4.jpg\" width=\"930\" height=\"260\" srcset=\"https:\/\/kraemer-agrarconsulting.de\/beratung\/wp-content\/uploads\/2013\/02\/Background_Header4.jpg 930w, https:\/\/kraemer-agrarconsulting.de\/beratung\/wp-content\/uploads\/2013\/02\/Background_Header4-300x83.jpg 300w\" sizes=\"(max-width: 930px) 100vw, 930px\" \/><\/div>\n<h3>Kr\u00e4mer Agrar Consulting<\/h3>\n<div class=\"one_half\">\nDie Landwirtschaft ist weltweit eine der dynamischsten Branchen. Wissenschaftler sagen voraus, dass in wenigen Jahrzehnten rund neun Milliarden Menschen auf der Erde leben werden. Deshalb rechnet die Weltern\u00e4hrungsorganisation beispielsweise mit einer Steigerung der globalen Weizenproduktion von 643 Millionen Tonnen im Jahr 2010 auf mehr als 900 Millionen Tonnen im Jahr 2050. Dieser wachsende Bedarf an Agrarprodukten und Nahrungsmitteln bietet auch f\u00fcr Investoren vielf\u00e4ltige Chancen.<\/p>\n<\/div>\n<div class=\"one_half last\">\nKr\u00e4mer Agrar Consulting ist Ihr Partner f\u00fcr Investments und unternehmerische Beratung in der Landwirtschaft. Wir bieten Ihnen umfassende Analyse und Betreuung, wenn Sie eine Wertanlage im Agrarsektor anstreben. Gleichzeitig k\u00f6nnen Sie von uns alle erforderlichen Management-Dienstleistungen f\u00fcr Ihr Unternehmen erhalten. Dabei profitieren Sie von unserer jahrelangen Erfahrung in der Finanz- und Agrarbranche sowie von unserer Spezialisierung auf die ostdeutschen Bundesl\u00e4nder und Osteuropa.<\/p>\n<\/div>\n<div class=\"clear\"><\/div>\n<hr class=\"clear\" \/>\n<div class=\"one_third\">\n<h3>Aktuelles<\/h3>\n<p>Bis 2050 m\u00fcssen sich die Ernten verdoppeln, damit der wachsende Hunger der Welt gestillt wird. Es gibt Zweifel, dass das gelingt. Sparsamer muss Landwirtschaft auch werden \u2013 wie in Deutschland.\u00a0<a title=\"Aktuelles\" href=\"https:\/\/kraemer-agrarconsulting.de\/beratung\/aktuelles-4\/\">weiter &gt;&gt;<\/a><\/p>\n<\/div>\n<div class=\"one_third\">\n<h3>Referenzen<\/h3>\n<p>Von 2008 bis 2012 waren wir f\u00fcr die Agrarius AG aus Bad Homburg t\u00e4tig. Wir haben das Unternehmen zun\u00e4chst bis 2011 bei den Aktivit\u00e4ten in Rum\u00e4nien beraten. <a title=\"Referenzen\" href=\"https:\/\/kraemer-agrarconsulting.de\/beratung\/?page_id=29\">weiter &gt;&gt;<\/a><\/p>\n<\/div>\n<div class=\"one_third last\">\n<h3>Angebote<\/h3>\n<p>Vertrauen Sie unserem 10-stufigen Beratungsprozess. Ein bew\u00e4hrtes Konzept f\u00fcr Ihren Erfolg. Sprechen Sie uns an. <a title=\"Unser Zehn-Punkte-Plan\" href=\"https:\/\/kraemer-agrarconsulting.de\/beratung\/zehn-punkte-plan\/\">weiter &gt;&gt;<\/a><\/p>\n<\/div>\n","protected":false},"excerpt":{"rendered":"<p>Kr\u00e4mer Agrar Consulting Aktuelles Bis 2050 m\u00fcssen sich die Ernten verdoppeln, damit der wachsende Hunger der Welt gestillt wird. Es gibt Zweifel, dass das gelingt. Sparsamer muss Landwirtschaft auch werden \u2013 wie in Deutschland.\u00a0weiter &gt;&gt; Referenzen Von 2008 bis 2012 waren wir f\u00fcr die Agrarius AG aus Bad Homburg t\u00e4tig. Wir haben das Unternehmen zun\u00e4chst [&hellip;]<\/p>\n","protected":false},"author":3,"featured_media":0,"parent":0,"menu_order":0,"comment_status":"closed","ping_status":"open","template":"page-designer-content.php","meta":[],"_links":{"self":[{"href":"https:\/\/kraemer-agrarconsulting.de\/beratung\/wp-json\/wp\/v2\/pages\/38"}],"collection":[{"href":"https:\/\/kraemer-agrarconsulting.de\/beratung\/wp-json\/wp\/v2\/pages"}],"about":[{"href":"https:\/\/kraemer-agrarconsulting.de\/beratung\/wp-json\/wp\/v2\/types\/page"}],"author":[{"embeddable":true,"href":"https:\/\/kraemer-agrarconsulting.de\/beratung\/wp-json\/wp\/v2\/users\/3"}],"replies":[{"embeddable":true,"href":"https:\/\/kraemer-agrarconsulting.de\/beratung\/wp-json\/wp\/v2\/comments?post=38"}],"version-history":[{"count":35,"href":"https:\/\/kraemer-agrarconsulting.de\/beratung\/wp-json\/wp\/v2\/pages\/38\/revisions"}],"predecessor-version":[{"id":42,"href":"https:\/\/kraemer-agrarconsulting.de\/beratung\/wp-json\/wp\/v2\/pages\/38\/revisions\/42"}],"wp:attachment":[{"href":"https:\/\/kraemer-agrarconsulting.de\/beratung\/wp-json\/wp\/v2\/media?parent=38"}],"curies":[{"name":"wp","href":"https:\/\/api.w.org\/{rel}","templated":true}]}}